{"id":2,"date":"2024-03-13T10:02:48","date_gmt":"2024-03-13T10:02:48","guid":{"rendered":"https:\/\/cantinedecaron.nl\/?page_id=2"},"modified":"2026-04-17T14:22:08","modified_gmt":"2026-04-17T14:22:08","slug":"domicile","status":"publish","type":"page","link":"https:\/\/cantinedecaron.nl\/fr\/","title":{"rendered":"Accueil"},"content":{"rendered":"<p>Il s'agit d'une page d'exemple. Elle diff\u00e8re d'un article de blog car elle reste au m\u00eame endroit et appara\u00eet dans la navigation de votre site (dans la plupart des th\u00e8mes). La plupart des gens commencent par une page \"\u00c0 propos\" qui les pr\u00e9sente aux visiteurs potentiels du site. Cette page pourrait \u00eatre r\u00e9dig\u00e9e de la mani\u00e8re suivante<\/p>\r\n\r\n\r\n\r\n<blockquote class=\"wp-block-quote is-layout-flow wp-block-quote-is-layout-flow\">\r\n<p>Bonjour \u00e0 tous ! Je suis coursier \u00e0 v\u00e9lo dans la vie de tous les jours et acteur en herbe le soir, et ceci est mon site. J'habite \u00e0 Los Angeles, j'ai un chien mignon qui s'appelle Jack et j'adore les pi\u00f1a coladas. (Et me faire surprendre par la pluie.)<\/p>\r\n<\/blockquote>\r\n\r\n\r\n\r\n<p>...Ou quelque chose comme \u00e7a :<\/p>\r\n\r\n\r\n\r\n<blockquote class=\"wp-block-quote is-layout-flow wp-block-quote-is-layout-flow\">\r\n<p>La soci\u00e9t\u00e9 XYZ Doohickey Company a \u00e9t\u00e9 fond\u00e9e en 1971 et fournit depuis lors des doohickeys de qualit\u00e9 au public. Bas\u00e9e \u00e0 Gotham City, XYZ emploie plus de 2 000 personnes et r\u00e9alise toutes sortes de choses formidables pour la communaut\u00e9 de Gotham.<\/p>\r\n<\/blockquote>\r\n\r\n\r\n\r\n<p>En tant que nouvel utilisateur de WordPress, vous pouvez vous rendre \u00e0 l'adresse suivante <a href=\"https:\/\/cantinedecaron.nl\/wp-admin\/\">votre tableau de bord<\/a> pour supprimer cette page et ajouter de nouvelles pages pour votre contenu. Amusez-vous bien !<\/p>","protected":false},"excerpt":{"rendered":"<p>Dit is een voorbeeldpagina. Het is anders dan een blog bericht omdat het op \u00e9\u00e9n plek blijft en tevoorschijn komt in je site navigatie (in de meeste thema&#8217;s). De meeste mensen starten met een Over pagina dat hen voorstelt aan potenti\u00eble site bezoekers. Het zou iets als dit kunnen zeggen: Hoi daar! Ik ben een [&hellip;]<\/p>\n","protected":false},"author":1,"featured_media":0,"parent":0,"menu_order":0,"comment_status":"closed","ping_status":"closed","template":"templates\/home.php","meta":{"_acf_changed":false,"footnotes":""},"class_list":["post-2","page","type-page","status-publish","hentry"],"acf":[],"yoast_head":"<!-- This site is optimized with the Yoast SEO plugin v27.3 - https:\/\/yoast.com\/product\/yoast-seo-wordpress\/ -->\n<title>Cantine de Caron - Restaurants van de familie Caron<\/title>\n<meta name=\"description\" content=\"Voortgekomen uit onze familietraditie, cre\u00ebren we speciale plekken waar onze gasten worden verwelkomd in onze familie en wij hen in het warme hart daarvan plaatsen.\" \/>\n<meta name=\"robots\" content=\"index, follow, max-snippet:-1, max-image-preview:large, max-video-preview:-1\" \/>\n<link rel=\"canonical\" href=\"https:\/\/cantinedecaron.nl\/fr\/\" \/>\n<meta property=\"og:locale\" content=\"fr_FR\" \/>\n<meta property=\"og:type\" content=\"article\" \/>\n<meta property=\"og:title\" content=\"Cantine de Caron - Restaurants van de familie Caron\" \/>\n<meta property=\"og:description\" content=\"Voortgekomen uit onze familietraditie, cre\u00ebren we speciale plekken waar onze gasten worden verwelkomd in onze familie en wij hen in het warme hart daarvan plaatsen.\" \/>\n<meta property=\"og:url\" content=\"https:\/\/cantinedecaron.nl\/fr\/\" \/>\n<meta property=\"og:site_name\" content=\"Cantine de Caron\" \/>\n<meta property=\"article:modified_time\" content=\"2026-04-17T14:22:08+00:00\" \/>\n<meta property=\"og:image\" content=\"https:\/\/cantinedecaron.nl\/wp-content\/uploads\/2025\/11\/20220414-Cantine-de-Caron-\u00a9-Chantal-Arnts-35.jpg\" \/>\n\t<meta property=\"og:image:width\" content=\"1067\" \/>\n\t<meta property=\"og:image:height\" content=\"1600\" \/>\n\t<meta property=\"og:image:type\" content=\"image\/jpeg\" \/>\n<meta name=\"twitter:card\" content=\"summary_large_image\" \/>\n<meta name=\"twitter:label1\" content=\"Dur\u00e9e de lecture estim\u00e9e\" \/>\n\t<meta name=\"twitter:data1\" content=\"5 minutes\" \/>\n<script type=\"application\/ld+json\" class=\"yoast-schema-graph\">{\"@context\":\"https:\\\/\\\/schema.org\",\"@graph\":[{\"@type\":\"WebPage\",\"@id\":\"https:\\\/\\\/cantinedecaron.nl\\\/\",\"url\":\"https:\\\/\\\/cantinedecaron.nl\\\/\",\"name\":\"Cantine de Caron - Restaurants van de familie Caron\",\"isPartOf\":{\"@id\":\"https:\\\/\\\/cantinedecaron.nl\\\/#website\"},\"datePublished\":\"2024-03-13T10:02:48+00:00\",\"dateModified\":\"2026-04-17T14:22:08+00:00\",\"description\":\"Voortgekomen uit onze familietraditie, cre\u00ebren we speciale plekken waar onze gasten worden verwelkomd in onze familie en wij hen in het warme hart daarvan plaatsen.\",\"breadcrumb\":{\"@id\":\"https:\\\/\\\/cantinedecaron.nl\\\/#breadcrumb\"},\"inLanguage\":\"fr-FR\",\"potentialAction\":[{\"@type\":\"ReadAction\",\"target\":[\"https:\\\/\\\/cantinedecaron.nl\\\/\"]}]},{\"@type\":\"BreadcrumbList\",\"@id\":\"https:\\\/\\\/cantinedecaron.nl\\\/#breadcrumb\",\"itemListElement\":[{\"@type\":\"ListItem\",\"position\":1,\"name\":\"Home\",\"item\":\"https:\\\/\\\/cantinedecaron.nl\\\/\"},{\"@type\":\"ListItem\",\"position\":2,\"name\":\"Home\"}]},{\"@type\":\"WebSite\",\"@id\":\"https:\\\/\\\/cantinedecaron.nl\\\/#website\",\"url\":\"https:\\\/\\\/cantinedecaron.nl\\\/\",\"name\":\"Cantine de Caron\",\"description\":\"\",\"potentialAction\":[{\"@type\":\"SearchAction\",\"target\":{\"@type\":\"EntryPoint\",\"urlTemplate\":\"https:\\\/\\\/cantinedecaron.nl\\\/?s={search_term_string}\"},\"query-input\":{\"@type\":\"PropertyValueSpecification\",\"valueRequired\":true,\"valueName\":\"search_term_string\"}}],\"inLanguage\":\"fr-FR\"}]}<\/script>\n<!-- \/ Yoast SEO plugin. -->","yoast_head_json":{"title":"Cantine de Caron - Restaurants de la famille Caron","description":"N\u00e9s de notre tradition familiale, nous cr\u00e9ons des lieux sp\u00e9ciaux o\u00f9 nos h\u00f4tes sont accueillis au sein de notre famille et o\u00f9 nous les pla\u00e7ons dans son c\u0153ur chaleureux.","robots":{"index":"index","follow":"follow","max-snippet":"max-snippet:-1","max-image-preview":"max-image-preview:large","max-video-preview":"max-video-preview:-1"},"canonical":"https:\/\/cantinedecaron.nl\/fr\/","og_locale":"fr_FR","og_type":"article","og_title":"Cantine de Caron - Restaurants van de familie Caron","og_description":"Voortgekomen uit onze familietraditie, cre\u00ebren we speciale plekken waar onze gasten worden verwelkomd in onze familie en wij hen in het warme hart daarvan plaatsen.","og_url":"https:\/\/cantinedecaron.nl\/fr\/","og_site_name":"Cantine de Caron","article_modified_time":"2026-04-17T14:22:08+00:00","og_image":[{"width":1067,"height":1600,"url":"https:\/\/cantinedecaron.nl\/wp-content\/uploads\/2025\/11\/20220414-Cantine-de-Caron-\u00a9-Chantal-Arnts-35.jpg","type":"image\/jpeg"}],"twitter_card":"summary_large_image","twitter_misc":{"Dur\u00e9e de lecture estim\u00e9e":"5 minutes"},"schema":{"@context":"https:\/\/schema.org","@graph":[{"@type":"WebPage","@id":"https:\/\/cantinedecaron.nl\/","url":"https:\/\/cantinedecaron.nl\/","name":"Cantine de Caron - Restaurants de la famille Caron","isPartOf":{"@id":"https:\/\/cantinedecaron.nl\/#website"},"datePublished":"2024-03-13T10:02:48+00:00","dateModified":"2026-04-17T14:22:08+00:00","description":"N\u00e9s de notre tradition familiale, nous cr\u00e9ons des lieux sp\u00e9ciaux o\u00f9 nos h\u00f4tes sont accueillis au sein de notre famille et o\u00f9 nous les pla\u00e7ons dans son c\u0153ur chaleureux.","breadcrumb":{"@id":"https:\/\/cantinedecaron.nl\/#breadcrumb"},"inLanguage":"fr-FR","potentialAction":[{"@type":"ReadAction","target":["https:\/\/cantinedecaron.nl\/"]}]},{"@type":"BreadcrumbList","@id":"https:\/\/cantinedecaron.nl\/#breadcrumb","itemListElement":[{"@type":"ListItem","position":1,"name":"Home","item":"https:\/\/cantinedecaron.nl\/"},{"@type":"ListItem","position":2,"name":"Home"}]},{"@type":"WebSite","@id":"https:\/\/cantinedecaron.nl\/#website","url":"https:\/\/cantinedecaron.nl\/","name":"Cantine de Caron","description":"","potentialAction":[{"@type":"SearchAction","target":{"@type":"EntryPoint","urlTemplate":"https:\/\/cantinedecaron.nl\/?s={search_term_string}"},"query-input":{"@type":"PropertyValueSpecification","valueRequired":true,"valueName":"search_term_string"}}],"inLanguage":"fr-FR"}]}},"_links":{"self":[{"href":"https:\/\/cantinedecaron.nl\/fr\/wp-json\/wp\/v2\/pages\/2","targetHints":{"allow":["GET"]}}],"collection":[{"href":"https:\/\/cantinedecaron.nl\/fr\/wp-json\/wp\/v2\/pages"}],"about":[{"href":"https:\/\/cantinedecaron.nl\/fr\/wp-json\/wp\/v2\/types\/page"}],"author":[{"embeddable":true,"href":"https:\/\/cantinedecaron.nl\/fr\/wp-json\/wp\/v2\/users\/1"}],"replies":[{"embeddable":true,"href":"https:\/\/cantinedecaron.nl\/fr\/wp-json\/wp\/v2\/comments?post=2"}],"version-history":[{"count":92,"href":"https:\/\/cantinedecaron.nl\/fr\/wp-json\/wp\/v2\/pages\/2\/revisions"}],"predecessor-version":[{"id":905,"href":"https:\/\/cantinedecaron.nl\/fr\/wp-json\/wp\/v2\/pages\/2\/revisions\/905"}],"wp:attachment":[{"href":"https:\/\/cantinedecaron.nl\/fr\/wp-json\/wp\/v2\/media?parent=2"}],"curies":[{"name":"wp","href":"https:\/\/api.w.org\/{rel}","templated":true}]}}